{"id":1077,"date":"2025-12-29T17:12:44","date_gmt":"2025-12-29T17:12:44","guid":{"rendered":"https:\/\/re-moveherstel.nl\/?page_id=1077"},"modified":"2026-02-15T19:21:04","modified_gmt":"2026-02-15T19:21:04","slug":"voor-zorgprofessionals","status":"publish","type":"page","link":"https:\/\/re-moveherstel.nl\/?page_id=1077","title":{"rendered":"Voor zorgprofessionals"},"content":{"rendered":"\t\t<div data-elementor-type=\"wp-page\" data-elementor-id=\"1077\" class=\"elementor elementor-1077\">\n\t\t\t\t<div class=\"elementor-element elementor-element-eab7516 e-flex e-con-boxed e-con e-parent\" data-id=\"eab7516\" data-element_type=\"container\" data-e-type=\"container\" data-settings=\"{&quot;background_background&quot;:&quot;classic&quot;}\">\n\t\t\t\t\t<div class=\"e-con-inner\">\n\t\t\t\t<div class=\"title-with-icon elementor-element elementor-element-a8fd080 elementor-widget elementor-widget-heading\" data-id=\"a8fd080\" data-element_type=\"widget\" data-e-type=\"widget\" data-widget_type=\"heading.default\">\n\t\t\t\t\t<h2 class=\"elementor-heading-title elementor-size-default elementor-heading-title\">Voor zorgprofessionals<\/h2>\t\t\t\t<\/div>\n\t\t\t\t<div class=\"elementor-element elementor-element-77f1586 elementor-widget elementor-widget-text-editor\" data-id=\"77f1586\" data-element_type=\"widget\" data-e-type=\"widget\" data-widget_type=\"text-editor.default\">\n\t\t\t\t\t\t\t\t\t<p>Een herstelondersteuende aanvulling binnen de GGZ<\/p>\t\t\t\t\t\t\t\t<\/div>\n\t\t\t\t<div class=\"title-with-icon elementor-element elementor-element-299ca80 elementor-widget elementor-widget-heading\" data-id=\"299ca80\" data-element_type=\"widget\" data-e-type=\"widget\" data-widget_type=\"heading.default\">\n\t\t\t\t\t<h2 class=\"elementor-heading-title elementor-size-default elementor-heading-title\">Herstelondersteunende aanvulling binnen de GGZ<\/h2>\t\t\t\t<\/div>\n\t\t\t\t<div class=\"elementor-element elementor-element-3118180 elementor-widget elementor-widget-text-editor\" data-id=\"3118180\" data-element_type=\"widget\" data-e-type=\"widget\" data-widget_type=\"text-editor.default\">\n\t\t\t\t\t\t\t\t\t<p>Bent u op zoek naar een herstelondersteunende aanvulling voor uw cli\u00ebnt in een stabiele fase? Re-Move biedt individuele, lichaamsgerichte begeleiding via beweging, aanvullend op bestaande behandeling of in een nazorgfase. Als BIG-geregistreerd psychiatrisch verpleegkundige met ruim 30 jaar ervaring binnen de GGZ werk ik professioneel en afgestemd samen binnen het zorgnetwerk.<\/p>\t\t\t\t\t\t\t\t<\/div>\n\t\t\t\t<div class=\"title-with-icon elementor-element elementor-element-f52193f elementor-widget elementor-widget-heading\" data-id=\"f52193f\" data-element_type=\"widget\" data-e-type=\"widget\" data-widget_type=\"heading.default\">\n\t\t\t\t\t<h2 class=\"elementor-heading-title elementor-size-default elementor-heading-title\">Waarom verwijzen naar Re-Move?<\/h2>\t\t\t\t<\/div>\n\t\t\t\t<div class=\"elementor-element elementor-element-b818e43 elementor-widget elementor-widget-text-editor\" data-id=\"b818e43\" data-element_type=\"widget\" data-e-type=\"widget\" data-widget_type=\"text-editor.default\">\n\t\t\t\t\t\t\t\t\t<p>\u2022BIG-geregistreerd verpleegkundige (69038210730)<br \/>\u2022Ruime ervaring binnen de GGZ en herstelprocessen<br \/>\u2022Aanvullend op lopende trajecten \u2013 geen vervanging van behandeling<br \/>\u2022Gericht op stabiliteit, lichaamsbewustzijn en eigen regie<br \/>\u2022Kleinschalige, \u00e9\u00e9n-op-\u00e9\u00e9n begeleiding.<br \/><br \/>Geen crisiszorg.<br \/>Geen behandeling.<br \/>Wel herstelondersteuning in een stabiele fase.<\/p>\t\t\t\t\t\t\t\t<\/div>\n\t\t\t\t<div class=\"title-with-icon elementor-element elementor-element-c00c187 elementor-widget elementor-widget-heading\" data-id=\"c00c187\" data-element_type=\"widget\" data-e-type=\"widget\" data-widget_type=\"heading.default\">\n\t\t\t\t\t<h2 class=\"elementor-heading-title elementor-size-default elementor-heading-title\">Werkwijze en samenwerking<\/h2>\t\t\t\t<\/div>\n\t\t\t\t<div class=\"elementor-element elementor-element-3c3bcbe elementor-widget elementor-widget-text-editor\" data-id=\"3c3bcbe\" data-element_type=\"widget\" data-e-type=\"widget\" data-widget_type=\"text-editor.default\">\n\t\t\t\t\t\t\t\t\t<p>Re-Move werkt met korte lijnen en duidelijke afstemming. Na een kennismaking wordt, indien gewenst, teruggekoppeld naar de verwijzer over doelen en inzetbaarheid. De begeleiding sluit aan bij het lopende behandelplan en ondersteunt continu\u00efteit van zorg.<\/p>\t\t\t\t\t\t\t\t<\/div>\n\t\t\t\t<div class=\"title-with-icon elementor-element elementor-element-86a61b8 elementor-widget elementor-widget-heading\" data-id=\"86a61b8\" data-element_type=\"widget\" data-e-type=\"widget\" data-widget_type=\"heading.default\">\n\t\t\t\t\t<h2 class=\"elementor-heading-title elementor-size-default elementor-heading-title\">Direct contact voor overleg<\/h2>\t\t\t\t<\/div>\n\t\t\t\t<div class=\"elementor-element elementor-element-ce4416c elementor-widget elementor-widget-text-editor\" data-id=\"ce4416c\" data-element_type=\"widget\" data-e-type=\"widget\" data-widget_type=\"text-editor.default\">\n\t\t\t\t\t\t\t\t\t<p>Voor casu\u00efstiek of inhoudelijke afstemming:<\/p>\t\t\t\t\t\t\t\t<\/div>\n\t\t\t\t<div class=\"elementor-element elementor-element-b58fff5 elementor-widget elementor-widget-text-editor\" data-id=\"b58fff5\" data-element_type=\"widget\" data-e-type=\"widget\" data-widget_type=\"text-editor.default\">\n\t\t\t\t\t\t\t\t\t<ul><li>\u2709\ufe0f <a href=\"mailto:zorg@re-moveherstel.nl\">zorg@re-moveherstel.nl<\/a><\/li><li>\ud83d\udcde 0641452842<\/li><\/ul>\t\t\t\t\t\t\t\t<\/div>\n\t\t<div class=\"elementor-element elementor-element-543d7a7 e-con-full e-flex e-con e-child\" data-id=\"543d7a7\" data-element_type=\"container\" data-e-type=\"container\">\n\t\t\t\t<\/div>\n\t\t\t\t\t<\/div>\n\t\t\t\t<\/div>\n\t\t\t\t<\/div>\n\t\t","protected":false},"excerpt":{"rendered":"<p>Voor zorgprofessionals Een herstelondersteuende aanvulling binnen de GGZ Herstelondersteunende aanvulling binnen de GGZ Bent u op zoek naar een herstelondersteunende [&hellip;]<\/p>\n","protected":false},"author":1,"featured_media":0,"parent":0,"menu_order":0,"comment_status":"closed","ping_status":"closed","template":"","meta":{"site-sidebar-layout":"no-sidebar","site-content-layout":"","ast-site-content-layout":"full-width-container","site-content-style":"default","site-sidebar-style":"default","ast-global-header-display":"","ast-banner-title-visibility":"","ast-main-header-display":"","ast-hfb-above-header-display":"","ast-hfb-below-header-display":"","ast-hfb-mobile-header-display":"","site-post-title":"","ast-breadcrumbs-content":"","ast-featured-img":"disabled","footer-sml-layout":"","ast-disable-related-posts":"","theme-transparent-header-meta":"","adv-header-id-meta":"","stick-header-meta":"","header-above-stick-meta":"","header-main-stick-meta":"","header-below-stick-meta":"","astra-migrate-meta-layouts":"default","ast-page-background-enabled":"default","ast-page-background-meta":{"desktop":{"background-color":"var(--ast-global-color-5)","background-image":"","background-repeat":"repeat","background-position":"center center","background-size":"auto","background-attachment":"scroll","background-type":"","background-media":"","overlay-type":"","overlay-color":"","overlay-opacity":"","overlay-gradient":""},"tablet":{"background-color":"","background-image":"","background-repeat":"repeat","background-position":"center center","background-size":"auto","background-attachment":"scroll","background-type":"","background-media":"","overlay-type":"","overlay-color":"","overlay-opacity":"","overlay-gradient":""},"mobile":{"background-color":"","background-image":"","background-repeat":"repeat","background-position":"center center","background-size":"auto","background-attachment":"scroll","background-type":"","background-media":"","overlay-type":"","overlay-color":"","overlay-opacity":"","overlay-gradient":""}},"ast-content-background-meta":{"desktop":{"background-color":"var(--ast-global-color-4)","background-image":"","background-repeat":"repeat","background-position":"center center","background-size":"auto","background-attachment":"scroll","background-type":"","background-media":"","overlay-type":"","overlay-color":"","overlay-opacity":"","overlay-gradient":""},"tablet":{"background-color":"var(--ast-global-color-4)","background-image":"","background-repeat":"repeat","background-position":"center center","background-size":"auto","background-attachment":"scroll","background-type":"","background-media":"","overlay-type":"","overlay-color":"","overlay-opacity":"","overlay-gradient":""},"mobile":{"background-color":"var(--ast-global-color-4)","background-image":"","background-repeat":"repeat","background-position":"center center","background-size":"auto","background-attachment":"scroll","background-type":"","background-media":"","overlay-type":"","overlay-color":"","overlay-opacity":"","overlay-gradient":""}},"_glsr_average":0,"_glsr_ranking":0,"_glsr_reviews":0,"footnotes":""},"class_list":["post-1077","page","type-page","status-publish","hentry"],"_links":{"self":[{"href":"https:\/\/re-moveherstel.nl\/index.php?rest_route=\/wp\/v2\/pages\/1077","targetHints":{"allow":["GET"]}}],"collection":[{"href":"https:\/\/re-moveherstel.nl\/index.php?rest_route=\/wp\/v2\/pages"}],"about":[{"href":"https:\/\/re-moveherstel.nl\/index.php?rest_route=\/wp\/v2\/types\/page"}],"author":[{"embeddable":true,"href":"https:\/\/re-moveherstel.nl\/index.php?rest_route=\/wp\/v2\/users\/1"}],"replies":[{"embeddable":true,"href":"https:\/\/re-moveherstel.nl\/index.php?rest_route=%2Fwp%2Fv2%2Fcomments&post=1077"}],"version-history":[{"count":337,"href":"https:\/\/re-moveherstel.nl\/index.php?rest_route=\/wp\/v2\/pages\/1077\/revisions"}],"predecessor-version":[{"id":3833,"href":"https:\/\/re-moveherstel.nl\/index.php?rest_route=\/wp\/v2\/pages\/1077\/revisions\/3833"}],"wp:attachment":[{"href":"https:\/\/re-moveherstel.nl\/index.php?rest_route=%2Fwp%2Fv2%2Fmedia&parent=1077"}],"curies":[{"name":"wp","href":"https:\/\/api.w.org\/{rel}","templated":true}]}}